{"id":212,"date":"2024-03-14T11:52:39","date_gmt":"2024-03-14T11:52:39","guid":{"rendered":"https:\/\/parolesdunevie.be\/?page_id=212"},"modified":"2024-07-04T17:12:40","modified_gmt":"2024-07-04T17:12:40","slug":"comment-se-deroule-le-paiement","status":"publish","type":"page","link":"https:\/\/parolesdunevie.be\/index.php\/comment-se-deroule-le-paiement\/","title":{"rendered":"Paiement"},"content":{"rendered":"\t\t<div data-elementor-type=\"wp-page\" data-elementor-id=\"212\" class=\"elementor elementor-212\">\n\t\t\t\t<div class=\"elementor-element elementor-element-0c214bc e-flex e-con-boxed e-con e-parent\" data-id=\"0c214bc\" data-element_type=\"container\" data-settings=\"{&quot;background_background&quot;:&quot;classic&quot;}\">\n\t\t\t\t\t<div class=\"e-con-inner\">\n\t\t\t\t<div class=\"elementor-element elementor-element-e79d880 elementor-invisible elementor-widget elementor-widget-heading\" data-id=\"e79d880\" data-element_type=\"widget\" data-settings=\"{&quot;_animation&quot;:&quot;fadeInUp&quot;}\" data-widget_type=\"heading.default\">\n\t\t\t\t<div class=\"elementor-widget-container\">\n\t\t\t<style>\/*! elementor - v3.21.0 - 08-05-2024 *\/\n.elementor-heading-title{padding:0;margin:0;line-height:1}.elementor-widget-heading .elementor-heading-title[class*=elementor-size-]>a{color:inherit;font-size:inherit;line-height:inherit}.elementor-widget-heading .elementor-heading-title.elementor-size-small{font-size:15px}.elementor-widget-heading .elementor-heading-title.elementor-size-medium{font-size:19px}.elementor-widget-heading .elementor-heading-title.elementor-size-large{font-size:29px}.elementor-widget-heading .elementor-heading-title.elementor-size-xl{font-size:39px}.elementor-widget-heading .elementor-heading-title.elementor-size-xxl{font-size:59px}<\/style><h2 class=\"elementor-heading-title elementor-size-small\">Parce que chaque vie est riche d'enseignements<\/h2>\t\t<\/div>\n\t\t\t\t<\/div>\n\t\t\t\t\t<\/div>\n\t\t\t\t<\/div>\n\t\t<div class=\"elementor-element elementor-element-b369edb e-flex e-con-boxed e-con e-parent\" data-id=\"b369edb\" data-element_type=\"container\" data-settings=\"{&quot;background_background&quot;:&quot;classic&quot;}\">\n\t\t\t\t\t<div class=\"e-con-inner\">\n\t\t\t\t<div class=\"elementor-element elementor-element-cfc76e3 elementor-widget elementor-widget-heading\" data-id=\"cfc76e3\" data-element_type=\"widget\" data-widget_type=\"heading.default\">\n\t\t\t\t<div class=\"elementor-widget-container\">\n\t\t\t<h2 class=\"elementor-heading-title elementor-size-default\">Comment se d\u00e9roule le paiement ?<\/h2>\t\t<\/div>\n\t\t\t\t<\/div>\n\t\t\t\t<div class=\"elementor-element elementor-element-a543f3b elementor-widget elementor-widget-text-editor\" data-id=\"a543f3b\" data-element_type=\"widget\" data-widget_type=\"text-editor.default\">\n\t\t\t\t<div class=\"elementor-widget-container\">\n\t\t\t<style>\/*! elementor - v3.21.0 - 08-05-2024 *\/\n.elementor-widget-text-editor.elementor-drop-cap-view-stacked .elementor-drop-cap{background-color:#69727d;color:#fff}.elementor-widget-text-editor.elementor-drop-cap-view-framed .elementor-drop-cap{color:#69727d;border:3px solid;background-color:transparent}.elementor-widget-text-editor:not(.elementor-drop-cap-view-default) .elementor-drop-cap{margin-top:8px}.elementor-widget-text-editor:not(.elementor-drop-cap-view-default) .elementor-drop-cap-letter{width:1em;height:1em}.elementor-widget-text-editor .elementor-drop-cap{float:left;text-align:center;line-height:1;font-size:50px}.elementor-widget-text-editor .elementor-drop-cap-letter{display:inline-block}<\/style>\t\t\t\t<p><span style=\"font-family: BodoniFLF;\">Suite \u00e0 notre rendez-vous t\u00e9l\u00e9phonique\u00a0et\/ou visio et suivant la description de votre projet, un <strong>devis<\/strong> vous est envoy\u00e9 par mail accompagn\u00e9 des CGV. <\/span><\/p><p><span style=\"font-family: BodoniFLF;\">Une fois que celui-ci est accept\u00e9, le paiement s\u2019effectuera comme suit\u00a0:<\/span><\/p>\t\t\t\t\t\t<\/div>\n\t\t\t\t<\/div>\n\t\t\t\t<div class=\"elementor-element elementor-element-20182bb elementor-widget elementor-widget-text-editor\" data-id=\"20182bb\" data-element_type=\"widget\" data-widget_type=\"text-editor.default\">\n\t\t\t\t<div class=\"elementor-widget-container\">\n\t\t\t\t\t\t\t<p>1. Une <strong>facture d\u2019acompte de 20%<\/strong> du total de la somme du projet vous sera envoy\u00e9e dans les quinze jours \u00e0 dater du jour de la signature du devis, ceci exprimant le d\u00e9but de notre collaboration <\/p><p>2. Une autre <strong>facture d\u2019acompte de 30%<\/strong> vous sera envoy\u00e9e \u00e0 la fin de l\u2019interview.<\/p><p>3. Enfin, le <strong>solde restant<\/strong> sera vers\u00e9 dans les quinze jours d\u00e8s la r\u00e9ception du produit final.<\/p>\t\t\t\t\t\t<\/div>\n\t\t\t\t<\/div>\n\t\t<div class=\"elementor-element elementor-element-843c107 e-flex e-con-boxed e-con e-child\" data-id=\"843c107\" data-element_type=\"container\">\n\t\t\t\t\t<div class=\"e-con-inner\">\n\t\t\t\t<div class=\"elementor-element elementor-element-58ac063 elementor-widget elementor-widget-spacer\" data-id=\"58ac063\" data-element_type=\"widget\" data-widget_type=\"spacer.default\">\n\t\t\t\t<div class=\"elementor-widget-container\">\n\t\t\t<style>\/*! elementor - v3.21.0 - 08-05-2024 *\/\n.elementor-column .elementor-spacer-inner{height:var(--spacer-size)}.e-con{--container-widget-width:100%}.e-con-inner>.elementor-widget-spacer,.e-con>.elementor-widget-spacer{width:var(--container-widget-width,var(--spacer-size));--align-self:var(--container-widget-align-self,initial);--flex-shrink:0}.e-con-inner>.elementor-widget-spacer>.elementor-widget-container,.e-con>.elementor-widget-spacer>.elementor-widget-container{height:100%;width:100%}.e-con-inner>.elementor-widget-spacer>.elementor-widget-container>.elementor-spacer,.e-con>.elementor-widget-spacer>.elementor-widget-container>.elementor-spacer{height:100%}.e-con-inner>.elementor-widget-spacer>.elementor-widget-container>.elementor-spacer>.elementor-spacer-inner,.e-con>.elementor-widget-spacer>.elementor-widget-container>.elementor-spacer>.elementor-spacer-inner{height:var(--container-widget-height,var(--spacer-size))}.e-con-inner>.elementor-widget-spacer.elementor-widget-empty,.e-con>.elementor-widget-spacer.elementor-widget-empty{position:relative;min-height:22px;min-width:22px}.e-con-inner>.elementor-widget-spacer.elementor-widget-empty .elementor-widget-empty-icon,.e-con>.elementor-widget-spacer.elementor-widget-empty .elementor-widget-empty-icon{position:absolute;top:0;bottom:0;left:0;right:0;margin:auto;padding:0;width:22px;height:22px}<\/style>\t\t<div class=\"elementor-spacer\">\n\t\t\t<div class=\"elementor-spacer-inner\"><\/div>\n\t\t<\/div>\n\t\t\t\t<\/div>\n\t\t\t\t<\/div>\n\t\t\t\t\t<\/div>\n\t\t\t\t<\/div>\n\t\t\t\t\t<\/div>\n\t\t\t\t<\/div>\n\t\t\t\t<\/div>\n\t\t","protected":false},"excerpt":{"rendered":"<p>Parce que chaque vie est riche d&rsquo;enseignements Comment se d\u00e9roule le paiement ? Suite \u00e0 notre rendez-vous t\u00e9l\u00e9phonique\u00a0et\/ou visio et suivant la description de votre projet, un devis vous est envoy\u00e9 par mail accompagn\u00e9 des CGV. Une fois que celui-ci est accept\u00e9, le paiement s\u2019effectuera comme suit\u00a0: 1. Une facture d\u2019acompte de 20% du total [&hellip;]<\/p>\n","protected":false},"author":1,"featured_media":0,"parent":0,"menu_order":0,"comment_status":"closed","ping_status":"closed","template":"","meta":{"ocean_post_layout":"full-screen","ocean_both_sidebars_style":"","ocean_both_sidebars_content_width":0,"ocean_both_sidebars_sidebars_width":0,"ocean_sidebar":"","ocean_second_sidebar":"","ocean_disable_margins":"enable","ocean_add_body_class":"","ocean_shortcode_before_top_bar":"","ocean_shortcode_after_top_bar":"","ocean_shortcode_before_header":"","ocean_shortcode_after_header":"","ocean_has_shortcode":"","ocean_shortcode_after_title":"","ocean_shortcode_before_footer_widgets":"","ocean_shortcode_after_footer_widgets":"","ocean_shortcode_before_footer_bottom":"","ocean_shortcode_after_footer_bottom":"","ocean_display_top_bar":"default","ocean_display_header":"default","ocean_header_style":"","ocean_center_header_left_menu":"","ocean_custom_header_template":"","ocean_custom_logo":0,"ocean_custom_retina_logo":0,"ocean_custom_logo_max_width":0,"ocean_custom_logo_tablet_max_width":0,"ocean_custom_logo_mobile_max_width":0,"ocean_custom_logo_max_height":0,"ocean_custom_logo_tablet_max_height":0,"ocean_custom_logo_mobile_max_height":0,"ocean_header_custom_menu":"","ocean_menu_typo_font_family":"","ocean_menu_typo_font_subset":"","ocean_menu_typo_font_size":0,"ocean_menu_typo_font_size_tablet":0,"ocean_menu_typo_font_size_mobile":0,"ocean_menu_typo_font_size_unit":"px","ocean_menu_typo_font_weight":"","ocean_menu_typo_font_weight_tablet":"","ocean_menu_typo_font_weight_mobile":"","ocean_menu_typo_transform":"","ocean_menu_typo_transform_tablet":"","ocean_menu_typo_transform_mobile":"","ocean_menu_typo_line_height":0,"ocean_menu_typo_line_height_tablet":0,"ocean_menu_typo_line_height_mobile":0,"ocean_menu_typo_line_height_unit":"","ocean_menu_typo_spacing":0,"ocean_menu_typo_spacing_tablet":0,"ocean_menu_typo_spacing_mobile":0,"ocean_menu_typo_spacing_unit":"","ocean_menu_link_color":"","ocean_menu_link_color_hover":"","ocean_menu_link_color_active":"","ocean_menu_link_background":"","ocean_menu_link_hover_background":"","ocean_menu_link_active_background":"","ocean_menu_social_links_bg":"","ocean_menu_social_hover_links_bg":"","ocean_menu_social_links_color":"","ocean_menu_social_hover_links_color":"","ocean_disable_title":"on","ocean_disable_heading":"default","ocean_post_title":"","ocean_post_subheading":"","ocean_post_title_style":"","ocean_post_title_background_color":"","ocean_post_title_background":0,"ocean_post_title_bg_image_position":"","ocean_post_title_bg_image_attachment":"","ocean_post_title_bg_image_repeat":"","ocean_post_title_bg_image_size":"","ocean_post_title_height":0,"ocean_post_title_bg_overlay":0.5,"ocean_post_title_bg_overlay_color":"","ocean_disable_breadcrumbs":"default","ocean_breadcrumbs_color":"","ocean_breadcrumbs_separator_color":"","ocean_breadcrumbs_links_color":"","ocean_breadcrumbs_links_hover_color":"","ocean_display_footer_widgets":"default","ocean_display_footer_bottom":"default","ocean_custom_footer_template":"","footnotes":""},"class_list":["post-212","page","type-page","status-publish","hentry","entry"],"yoast_head":"<!-- This site is optimized with the Yoast SEO plugin v22.7 - https:\/\/yoast.com\/wordpress\/plugins\/seo\/ -->\n<title>Paiement - Paroles d&#039;une Vie<\/title>\n<meta name=\"description\" content=\"Comment se d\u00e9roule le paiement?\" \/>\n<meta name=\"robots\" content=\"index, follow, max-snippet:-1, max-image-preview:large, max-video-preview:-1\" \/>\n<link rel=\"canonical\" href=\"https:\/\/parolesdunevie.be\/index.php\/comment-se-deroule-le-paiement\/\" \/>\n<meta property=\"og:locale\" content=\"fr_FR\" \/>\n<meta property=\"og:type\" content=\"article\" \/>\n<meta property=\"og:title\" content=\"Paiement - Paroles d&#039;une Vie\" \/>\n<meta property=\"og:description\" content=\"Comment se d\u00e9roule le paiement?\" \/>\n<meta property=\"og:url\" content=\"https:\/\/parolesdunevie.be\/index.php\/comment-se-deroule-le-paiement\/\" \/>\n<meta property=\"og:site_name\" content=\"Paroles d&#039;une Vie\" \/>\n<meta property=\"article:modified_time\" content=\"2024-07-04T17:12:40+00:00\" \/>\n<meta name=\"twitter:card\" content=\"summary_large_image\" \/>\n<meta name=\"twitter:label1\" content=\"Dur\u00e9e de lecture estim\u00e9e\" \/>\n\t<meta name=\"twitter:data1\" content=\"1 minute\" \/>\n<script type=\"application\/ld+json\" class=\"yoast-schema-graph\">{\"@context\":\"https:\/\/schema.org\",\"@graph\":[{\"@type\":\"WebPage\",\"@id\":\"https:\/\/parolesdunevie.be\/index.php\/comment-se-deroule-le-paiement\/\",\"url\":\"https:\/\/parolesdunevie.be\/index.php\/comment-se-deroule-le-paiement\/\",\"name\":\"Paiement - Paroles d&#039;une Vie\",\"isPartOf\":{\"@id\":\"https:\/\/parolesdunevie.be\/#website\"},\"datePublished\":\"2024-03-14T11:52:39+00:00\",\"dateModified\":\"2024-07-04T17:12:40+00:00\",\"description\":\"Comment se d\u00e9roule le paiement?\",\"breadcrumb\":{\"@id\":\"https:\/\/parolesdunevie.be\/index.php\/comment-se-deroule-le-paiement\/#breadcrumb\"},\"inLanguage\":\"fr-FR\",\"potentialAction\":[{\"@type\":\"ReadAction\",\"target\":[\"https:\/\/parolesdunevie.be\/index.php\/comment-se-deroule-le-paiement\/\"]}]},{\"@type\":\"BreadcrumbList\",\"@id\":\"https:\/\/parolesdunevie.be\/index.php\/comment-se-deroule-le-paiement\/#breadcrumb\",\"itemListElement\":[{\"@type\":\"ListItem\",\"position\":1,\"name\":\"Accueil\",\"item\":\"https:\/\/parolesdunevie.be\/\"},{\"@type\":\"ListItem\",\"position\":2,\"name\":\"Paiement\"}]},{\"@type\":\"WebSite\",\"@id\":\"https:\/\/parolesdunevie.be\/#website\",\"url\":\"https:\/\/parolesdunevie.be\/\",\"name\":\"Paroles d&#039;une Vie\",\"description\":\"Votre r\u00e9cit de vie sous forme d&#039;un podcast\",\"publisher\":{\"@id\":\"https:\/\/parolesdunevie.be\/#organization\"},\"potentialAction\":[{\"@type\":\"SearchAction\",\"target\":{\"@type\":\"EntryPoint\",\"urlTemplate\":\"https:\/\/parolesdunevie.be\/?s={search_term_string}\"},\"query-input\":\"required name=search_term_string\"}],\"inLanguage\":\"fr-FR\"},{\"@type\":\"Organization\",\"@id\":\"https:\/\/parolesdunevie.be\/#organization\",\"name\":\"Paroles d&#039;une Vie\",\"url\":\"https:\/\/parolesdunevie.be\/\",\"logo\":{\"@type\":\"ImageObject\",\"inLanguage\":\"fr-FR\",\"@id\":\"https:\/\/parolesdunevie.be\/#\/schema\/logo\/image\/\",\"url\":\"https:\/\/parolesdunevie.be\/wp-content\/uploads\/2023\/12\/cropped-Paroles-dune-vie-fine-police-trsprt.png\",\"contentUrl\":\"https:\/\/parolesdunevie.be\/wp-content\/uploads\/2023\/12\/cropped-Paroles-dune-vie-fine-police-trsprt.png\",\"width\":500,\"height\":500,\"caption\":\"Paroles d&#039;une Vie\"},\"image\":{\"@id\":\"https:\/\/parolesdunevie.be\/#\/schema\/logo\/image\/\"}}]}<\/script>\n<!-- \/ Yoast SEO plugin. -->","yoast_head_json":{"title":"Paiement - Paroles d&#039;une Vie","description":"Comment se d\u00e9roule le paiement?","robots":{"index":"index","follow":"follow","max-snippet":"max-snippet:-1","max-image-preview":"max-image-preview:large","max-video-preview":"max-video-preview:-1"},"canonical":"https:\/\/parolesdunevie.be\/index.php\/comment-se-deroule-le-paiement\/","og_locale":"fr_FR","og_type":"article","og_title":"Paiement - Paroles d&#039;une Vie","og_description":"Comment se d\u00e9roule le paiement?","og_url":"https:\/\/parolesdunevie.be\/index.php\/comment-se-deroule-le-paiement\/","og_site_name":"Paroles d&#039;une Vie","article_modified_time":"2024-07-04T17:12:40+00:00","twitter_card":"summary_large_image","twitter_misc":{"Dur\u00e9e de lecture estim\u00e9e":"1 minute"},"schema":{"@context":"https:\/\/schema.org","@graph":[{"@type":"WebPage","@id":"https:\/\/parolesdunevie.be\/index.php\/comment-se-deroule-le-paiement\/","url":"https:\/\/parolesdunevie.be\/index.php\/comment-se-deroule-le-paiement\/","name":"Paiement - Paroles d&#039;une Vie","isPartOf":{"@id":"https:\/\/parolesdunevie.be\/#website"},"datePublished":"2024-03-14T11:52:39+00:00","dateModified":"2024-07-04T17:12:40+00:00","description":"Comment se d\u00e9roule le paiement?","breadcrumb":{"@id":"https:\/\/parolesdunevie.be\/index.php\/comment-se-deroule-le-paiement\/#breadcrumb"},"inLanguage":"fr-FR","potentialAction":[{"@type":"ReadAction","target":["https:\/\/parolesdunevie.be\/index.php\/comment-se-deroule-le-paiement\/"]}]},{"@type":"BreadcrumbList","@id":"https:\/\/parolesdunevie.be\/index.php\/comment-se-deroule-le-paiement\/#breadcrumb","itemListElement":[{"@type":"ListItem","position":1,"name":"Accueil","item":"https:\/\/parolesdunevie.be\/"},{"@type":"ListItem","position":2,"name":"Paiement"}]},{"@type":"WebSite","@id":"https:\/\/parolesdunevie.be\/#website","url":"https:\/\/parolesdunevie.be\/","name":"Paroles d&#039;une Vie","description":"Votre r\u00e9cit de vie sous forme d&#039;un podcast","publisher":{"@id":"https:\/\/parolesdunevie.be\/#organization"},"potentialAction":[{"@type":"SearchAction","target":{"@type":"EntryPoint","urlTemplate":"https:\/\/parolesdunevie.be\/?s={search_term_string}"},"query-input":"required name=search_term_string"}],"inLanguage":"fr-FR"},{"@type":"Organization","@id":"https:\/\/parolesdunevie.be\/#organization","name":"Paroles d&#039;une Vie","url":"https:\/\/parolesdunevie.be\/","logo":{"@type":"ImageObject","inLanguage":"fr-FR","@id":"https:\/\/parolesdunevie.be\/#\/schema\/logo\/image\/","url":"https:\/\/parolesdunevie.be\/wp-content\/uploads\/2023\/12\/cropped-Paroles-dune-vie-fine-police-trsprt.png","contentUrl":"https:\/\/parolesdunevie.be\/wp-content\/uploads\/2023\/12\/cropped-Paroles-dune-vie-fine-police-trsprt.png","width":500,"height":500,"caption":"Paroles d&#039;une Vie"},"image":{"@id":"https:\/\/parolesdunevie.be\/#\/schema\/logo\/image\/"}}]}},"_links":{"self":[{"href":"https:\/\/parolesdunevie.be\/index.php\/wp-json\/wp\/v2\/pages\/212","targetHints":{"allow":["GET"]}}],"collection":[{"href":"https:\/\/parolesdunevie.be\/index.php\/wp-json\/wp\/v2\/pages"}],"about":[{"href":"https:\/\/parolesdunevie.be\/index.php\/wp-json\/wp\/v2\/types\/page"}],"author":[{"embeddable":true,"href":"https:\/\/parolesdunevie.be\/index.php\/wp-json\/wp\/v2\/users\/1"}],"replies":[{"embeddable":true,"href":"https:\/\/parolesdunevie.be\/index.php\/wp-json\/wp\/v2\/comments?post=212"}],"version-history":[{"count":32,"href":"https:\/\/parolesdunevie.be\/index.php\/wp-json\/wp\/v2\/pages\/212\/revisions"}],"predecessor-version":[{"id":1325,"href":"https:\/\/parolesdunevie.be\/index.php\/wp-json\/wp\/v2\/pages\/212\/revisions\/1325"}],"wp:attachment":[{"href":"https:\/\/parolesdunevie.be\/index.php\/wp-json\/wp\/v2\/media?parent=212"}],"curies":[{"name":"wp","href":"https:\/\/api.w.org\/{rel}","templated":true}]}}