{"id":17,"date":"2023-12-01T19:15:40","date_gmt":"2023-12-01T19:15:40","guid":{"rendered":"https:\/\/parolesdunevie.be\/?page_id=17"},"modified":"2024-07-05T08:41:13","modified_gmt":"2024-07-05T08:41:13","slug":"contacts-projet-question-proposition","status":"publish","type":"page","link":"https:\/\/parolesdunevie.be\/index.php\/contacts-projet-question-proposition\/","title":{"rendered":"Contact"},"content":{"rendered":"\t\t<div data-elementor-type=\"wp-page\" data-elementor-id=\"17\" class=\"elementor elementor-17\">\n\t\t\t\t<div class=\"elementor-element elementor-element-60e8dfc0 e-flex e-con-boxed e-con e-parent\" data-id=\"60e8dfc0\" data-element_type=\"container\" data-settings=\"{&quot;background_background&quot;:&quot;classic&quot;}\">\n\t\t\t\t\t<div class=\"e-con-inner\">\n\t\t\t\t<div class=\"elementor-element elementor-element-1fc1790 elementor-invisible elementor-widget elementor-widget-heading\" data-id=\"1fc1790\" data-element_type=\"widget\" data-settings=\"{&quot;_animation&quot;:&quot;fadeInUp&quot;}\" data-widget_type=\"heading.default\">\n\t\t\t\t<div class=\"elementor-widget-container\">\n\t\t\t<style>\/*! elementor - v3.21.0 - 08-05-2024 *\/\n.elementor-heading-title{padding:0;margin:0;line-height:1}.elementor-widget-heading .elementor-heading-title[class*=elementor-size-]>a{color:inherit;font-size:inherit;line-height:inherit}.elementor-widget-heading .elementor-heading-title.elementor-size-small{font-size:15px}.elementor-widget-heading .elementor-heading-title.elementor-size-medium{font-size:19px}.elementor-widget-heading .elementor-heading-title.elementor-size-large{font-size:29px}.elementor-widget-heading .elementor-heading-title.elementor-size-xl{font-size:39px}.elementor-widget-heading .elementor-heading-title.elementor-size-xxl{font-size:59px}<\/style><h2 class=\"elementor-heading-title elementor-size-small\">Parce que vos histoires de vie nous passionnent !<\/h2>\t\t<\/div>\n\t\t\t\t<\/div>\n\t\t\t\t\t<\/div>\n\t\t\t\t<\/div>\n\t\t<div class=\"elementor-element elementor-element-4ab08cc e-flex e-con-boxed e-con e-parent\" data-id=\"4ab08cc\" data-element_type=\"container\" data-settings=\"{&quot;background_background&quot;:&quot;classic&quot;}\">\n\t\t\t\t\t<div class=\"e-con-inner\">\n\t\t\t\t<div class=\"elementor-element elementor-element-947888d elementor-widget elementor-widget-heading\" data-id=\"947888d\" data-element_type=\"widget\" data-widget_type=\"heading.default\">\n\t\t\t\t<div class=\"elementor-widget-container\">\n\t\t\t<h2 class=\"elementor-heading-title elementor-size-default\">Int\u00e9ress\u00e9.e ?<\/h2>\t\t<\/div>\n\t\t\t\t<\/div>\n\t\t\t\t<div class=\"elementor-element elementor-element-99a3128 elementor-widget elementor-widget-text-editor\" data-id=\"99a3128\" data-element_type=\"widget\" data-widget_type=\"text-editor.default\">\n\t\t\t\t<div class=\"elementor-widget-container\">\n\t\t\t<style>\/*! elementor - v3.21.0 - 08-05-2024 *\/\n.elementor-widget-text-editor.elementor-drop-cap-view-stacked .elementor-drop-cap{background-color:#69727d;color:#fff}.elementor-widget-text-editor.elementor-drop-cap-view-framed .elementor-drop-cap{color:#69727d;border:3px solid;background-color:transparent}.elementor-widget-text-editor:not(.elementor-drop-cap-view-default) .elementor-drop-cap{margin-top:8px}.elementor-widget-text-editor:not(.elementor-drop-cap-view-default) .elementor-drop-cap-letter{width:1em;height:1em}.elementor-widget-text-editor .elementor-drop-cap{float:left;text-align:center;line-height:1;font-size:50px}.elementor-widget-text-editor .elementor-drop-cap-letter{display:inline-block}<\/style>\t\t\t\t<p>Je suis accessible du lundi au vendredi de 8h30 \u00e0 18H ainsi que le samedi de 8h30 \u00e0 12H.<\/p><p>Pour nous parler de votre projet ou pour toute autre question, proposition, n\u2019h\u00e9sitez pas \u00e0 :<i> <\/i><\/p><ul><li><i>m&rsquo;envoyer un mail \u00e0 <\/i><a href=\"mailto:info@parolesdunevie.be\">info@parolesdunevie.be<\/a><i> <\/i><\/li><li><i>me t\u00e9l\u00e9phoner au <\/i><i><strong>+32 476 64 58 94.<\/strong> <\/i><\/li><li>utiliser le formulaire de contact ci-dessous<\/li><\/ul><p>Je ferai tout mon possible pour vous r\u00e9pondre dans les plus brefs d\u00e9lais.<\/p><p>Merci et belle journ\u00e9e !<\/p><p>Delphine<\/p>\t\t\t\t\t\t<\/div>\n\t\t\t\t<\/div>\n\t\t\t\t\t<\/div>\n\t\t\t\t<\/div>\n\t\t<div class=\"elementor-element elementor-element-23df953 e-flex e-con-boxed e-con e-parent\" data-id=\"23df953\" data-element_type=\"container\" data-settings=\"{&quot;background_background&quot;:&quot;classic&quot;}\">\n\t\t\t\t\t<div class=\"e-con-inner\">\n\t\t\t\t<div class=\"elementor-element elementor-element-e4d5b49 elementor-widget elementor-widget-shortcode\" data-id=\"e4d5b49\" data-element_type=\"widget\" data-widget_type=\"shortcode.default\">\n\t\t\t\t<div class=\"elementor-widget-container\">\n\t\t\t\t\t<div class=\"elementor-shortcode\"><div class=\"wpforms-container wpforms-container-full wpforms-render-modern\" id=\"wpforms-301\"><form id=\"wpforms-form-301\" class=\"wpforms-validate wpforms-form wpforms-ajax-form\" data-formid=\"301\" method=\"post\" enctype=\"multipart\/form-data\" action=\"\/index.php\/wp-json\/wp\/v2\/pages\/17\" data-token=\"f0743d84369ca51beb80b0e38b87290f\" data-token-time=\"1778070797\"><noscript class=\"wpforms-error-noscript\">Veuillez activer JavaScript dans votre navigateur pour remplir ce formulaire.<\/noscript><div class=\"wpforms-hidden\" id=\"wpforms-error-noscript\">Veuillez activer JavaScript dans votre navigateur pour remplir ce formulaire.<\/div><div class=\"wpforms-field-container\"><div id=\"wpforms-301-field_0-container\" class=\"wpforms-field wpforms-field-name\" data-field-id=\"0\"><fieldset><legend class=\"wpforms-field-label\">Nom <span class=\"wpforms-required-label\" aria-hidden=\"true\">*<\/span><\/legend><div class=\"wpforms-field-row wpforms-field-medium\"><div class=\"wpforms-field-row-block wpforms-first wpforms-one-half\"><input type=\"text\" id=\"wpforms-301-field_0\" class=\"wpforms-field-name-first wpforms-field-required\" name=\"wpforms[fields][0][first]\" placeholder=\"Pr\u00e9nom\" aria-errormessage=\"wpforms-301-field_0-error\" required><label for=\"wpforms-301-field_0\" class=\"wpforms-field-sublabel after wpforms-sublabel-hide\">Pr\u00e9nom<\/label><\/div><div class=\"wpforms-field-row-block wpforms-one-half\"><input type=\"text\" id=\"wpforms-301-field_0-last\" class=\"wpforms-field-name-last wpforms-field-required\" name=\"wpforms[fields][0][last]\" placeholder=\"Nom\" aria-errormessage=\"wpforms-301-field_0-last-error\" required><label for=\"wpforms-301-field_0-last\" class=\"wpforms-field-sublabel after wpforms-sublabel-hide\">Nom<\/label><\/div><\/div><\/fieldset><\/div><div id=\"wpforms-301-field_1-container\" class=\"wpforms-field wpforms-field-email\" data-field-id=\"1\"><label class=\"wpforms-field-label\" for=\"wpforms-301-field_1\">E-mail <span class=\"wpforms-required-label\" aria-hidden=\"true\">*<\/span><\/label><input type=\"email\" id=\"wpforms-301-field_1\" class=\"wpforms-field-medium wpforms-field-required\" name=\"wpforms[fields][1]\" placeholder=\"Votre e-mail\" spellcheck=\"false\" aria-errormessage=\"wpforms-301-field_1-error\" required><\/div><div id=\"wpforms-301-field_3-container\" class=\"wpforms-field wpforms-field-text\" data-field-id=\"3\"><label class=\"wpforms-field-label\" for=\"wpforms-301-field_3\">Adresse postale<\/label><input type=\"text\" id=\"wpforms-301-field_3\" class=\"wpforms-field-medium\" name=\"wpforms[fields][3]\" aria-errormessage=\"wpforms-301-field_3-error\" ><\/div><div id=\"wpforms-301-field_2-container\" class=\"wpforms-field wpforms-field-textarea\" data-field-id=\"2\"><label class=\"wpforms-field-label\" for=\"wpforms-301-field_2\">Commentaire ou message<\/label><textarea id=\"wpforms-301-field_2\" class=\"wpforms-field-medium\" name=\"wpforms[fields][2]\" aria-errormessage=\"wpforms-301-field_2-error\" ><\/textarea><\/div><\/div><!-- .wpforms-field-container --><div class=\"wpforms-submit-container\" ><input type=\"hidden\" name=\"wpforms[id]\" value=\"301\"><input type=\"hidden\" name=\"page_title\" value=\"\"><input type=\"hidden\" name=\"page_url\" value=\"https:\/\/parolesdunevie.be\/index.php\/wp-json\/wp\/v2\/pages\/17\"><button type=\"submit\" name=\"wpforms[submit]\" id=\"wpforms-submit-301\" class=\"wpforms-submit\" data-alt-text=\"Envoi...\" data-submit-text=\"Envoyer\" aria-live=\"assertive\" value=\"wpforms-submit\">Envoyer<\/button><img decoding=\"async\" src=\"https:\/\/parolesdunevie.be\/wp-content\/plugins\/wpforms-lite\/assets\/images\/submit-spin.svg\" class=\"wpforms-submit-spinner\" style=\"display: none;\" width=\"26\" height=\"26\" alt=\"Chargement en cours\"><\/div><\/form><\/div>  <!-- .wpforms-container --><\/div>\n\t\t\t\t<\/div>\n\t\t\t\t<\/div>\n\t\t\t\t\t<\/div>\n\t\t\t\t<\/div>\n\t\t\t\t<\/div>\n\t\t","protected":false},"excerpt":{"rendered":"<p>Parce que vos histoires de vie nous passionnent ! Int\u00e9ress\u00e9.e ? Je suis accessible du lundi au vendredi de 8h30 \u00e0 18H ainsi que le samedi de 8h30 \u00e0 12H. Pour nous parler de votre projet ou pour toute autre question, proposition, n\u2019h\u00e9sitez pas \u00e0 : m&rsquo;envoyer un mail \u00e0 info@parolesdunevie.be me t\u00e9l\u00e9phoner au +32 [&hellip;]<\/p>\n","protected":false},"author":1,"featured_media":0,"parent":0,"menu_order":0,"comment_status":"closed","ping_status":"closed","template":"","meta":{"ocean_post_layout":"full-screen","ocean_both_sidebars_style":"","ocean_both_sidebars_content_width":0,"ocean_both_sidebars_sidebars_width":0,"ocean_sidebar":"","ocean_second_sidebar":"","ocean_disable_margins":"enable","ocean_add_body_class":"","ocean_shortcode_before_top_bar":"","ocean_shortcode_after_top_bar":"","ocean_shortcode_before_header":"","ocean_shortcode_after_header":"","ocean_has_shortcode":"","ocean_shortcode_after_title":"","ocean_shortcode_before_footer_widgets":"","ocean_shortcode_after_footer_widgets":"","ocean_shortcode_before_footer_bottom":"","ocean_shortcode_after_footer_bottom":"","ocean_display_top_bar":"default","ocean_display_header":"default","ocean_header_style":"","ocean_center_header_left_menu":"","ocean_custom_header_template":"","ocean_custom_logo":0,"ocean_custom_retina_logo":0,"ocean_custom_logo_max_width":0,"ocean_custom_logo_tablet_max_width":0,"ocean_custom_logo_mobile_max_width":0,"ocean_custom_logo_max_height":0,"ocean_custom_logo_tablet_max_height":0,"ocean_custom_logo_mobile_max_height":0,"ocean_header_custom_menu":"","ocean_menu_typo_font_family":"","ocean_menu_typo_font_subset":"","ocean_menu_typo_font_size":0,"ocean_menu_typo_font_size_tablet":0,"ocean_menu_typo_font_size_mobile":0,"ocean_menu_typo_font_size_unit":"px","ocean_menu_typo_font_weight":"","ocean_menu_typo_font_weight_tablet":"","ocean_menu_typo_font_weight_mobile":"","ocean_menu_typo_transform":"","ocean_menu_typo_transform_tablet":"","ocean_menu_typo_transform_mobile":"","ocean_menu_typo_line_height":0,"ocean_menu_typo_line_height_tablet":0,"ocean_menu_typo_line_height_mobile":0,"ocean_menu_typo_line_height_unit":"","ocean_menu_typo_spacing":0,"ocean_menu_typo_spacing_tablet":0,"ocean_menu_typo_spacing_mobile":0,"ocean_menu_typo_spacing_unit":"","ocean_menu_link_color":"","ocean_menu_link_color_hover":"","ocean_menu_link_color_active":"","ocean_menu_link_background":"","ocean_menu_link_hover_background":"","ocean_menu_link_active_background":"","ocean_menu_social_links_bg":"","ocean_menu_social_hover_links_bg":"","ocean_menu_social_links_color":"","ocean_menu_social_hover_links_color":"","ocean_disable_title":"on","ocean_disable_heading":"default","ocean_post_title":"","ocean_post_subheading":"","ocean_post_title_style":"","ocean_post_title_background_color":"","ocean_post_title_background":0,"ocean_post_title_bg_image_position":"","ocean_post_title_bg_image_attachment":"","ocean_post_title_bg_image_repeat":"","ocean_post_title_bg_image_size":"","ocean_post_title_height":0,"ocean_post_title_bg_overlay":0.5,"ocean_post_title_bg_overlay_color":"","ocean_disable_breadcrumbs":"default","ocean_breadcrumbs_color":"","ocean_breadcrumbs_separator_color":"","ocean_breadcrumbs_links_color":"","ocean_breadcrumbs_links_hover_color":"","ocean_display_footer_widgets":"default","ocean_display_footer_bottom":"default","ocean_custom_footer_template":"","footnotes":""},"class_list":["post-17","page","type-page","status-publish","hentry","entry"],"yoast_head":"<!-- This site is optimized with the Yoast SEO plugin v22.7 - https:\/\/yoast.com\/wordpress\/plugins\/seo\/ -->\n<title>Contact - Paroles d&#039;une Vie<\/title>\n<meta name=\"description\" content=\"Contactez-nous pour nous parler de votre projet ou pour toute autre question \/ proposition.\" \/>\n<meta name=\"robots\" content=\"index, follow, max-snippet:-1, max-image-preview:large, max-video-preview:-1\" \/>\n<link rel=\"canonical\" href=\"https:\/\/parolesdunevie.be\/index.php\/contacts-projet-question-proposition\/\" \/>\n<meta property=\"og:locale\" content=\"fr_FR\" \/>\n<meta property=\"og:type\" content=\"article\" \/>\n<meta property=\"og:title\" content=\"Contact - Paroles d&#039;une Vie\" \/>\n<meta property=\"og:description\" content=\"Contactez-nous pour nous parler de votre projet ou pour toute autre question \/ proposition.\" \/>\n<meta property=\"og:url\" content=\"https:\/\/parolesdunevie.be\/index.php\/contacts-projet-question-proposition\/\" \/>\n<meta property=\"og:site_name\" content=\"Paroles d&#039;une Vie\" \/>\n<meta property=\"article:modified_time\" content=\"2024-07-05T08:41:13+00:00\" \/>\n<meta name=\"twitter:card\" content=\"summary_large_image\" \/>\n<meta name=\"twitter:label1\" content=\"Dur\u00e9e de lecture estim\u00e9e\" \/>\n\t<meta name=\"twitter:data1\" content=\"1 minute\" \/>\n<script type=\"application\/ld+json\" class=\"yoast-schema-graph\">{\"@context\":\"https:\/\/schema.org\",\"@graph\":[{\"@type\":\"WebPage\",\"@id\":\"https:\/\/parolesdunevie.be\/index.php\/contacts-projet-question-proposition\/\",\"url\":\"https:\/\/parolesdunevie.be\/index.php\/contacts-projet-question-proposition\/\",\"name\":\"Contact - Paroles d&#039;une Vie\",\"isPartOf\":{\"@id\":\"https:\/\/parolesdunevie.be\/#website\"},\"datePublished\":\"2023-12-01T19:15:40+00:00\",\"dateModified\":\"2024-07-05T08:41:13+00:00\",\"description\":\"Contactez-nous pour nous parler de votre projet ou pour toute autre question \/ proposition.\",\"breadcrumb\":{\"@id\":\"https:\/\/parolesdunevie.be\/index.php\/contacts-projet-question-proposition\/#breadcrumb\"},\"inLanguage\":\"fr-FR\",\"potentialAction\":[{\"@type\":\"ReadAction\",\"target\":[\"https:\/\/parolesdunevie.be\/index.php\/contacts-projet-question-proposition\/\"]}]},{\"@type\":\"BreadcrumbList\",\"@id\":\"https:\/\/parolesdunevie.be\/index.php\/contacts-projet-question-proposition\/#breadcrumb\",\"itemListElement\":[{\"@type\":\"ListItem\",\"position\":1,\"name\":\"Accueil\",\"item\":\"https:\/\/parolesdunevie.be\/\"},{\"@type\":\"ListItem\",\"position\":2,\"name\":\"Contact\"}]},{\"@type\":\"WebSite\",\"@id\":\"https:\/\/parolesdunevie.be\/#website\",\"url\":\"https:\/\/parolesdunevie.be\/\",\"name\":\"Paroles d&#039;une Vie\",\"description\":\"Votre r\u00e9cit de vie sous forme d&#039;un podcast\",\"publisher\":{\"@id\":\"https:\/\/parolesdunevie.be\/#organization\"},\"potentialAction\":[{\"@type\":\"SearchAction\",\"target\":{\"@type\":\"EntryPoint\",\"urlTemplate\":\"https:\/\/parolesdunevie.be\/?s={search_term_string}\"},\"query-input\":\"required name=search_term_string\"}],\"inLanguage\":\"fr-FR\"},{\"@type\":\"Organization\",\"@id\":\"https:\/\/parolesdunevie.be\/#organization\",\"name\":\"Paroles d&#039;une Vie\",\"url\":\"https:\/\/parolesdunevie.be\/\",\"logo\":{\"@type\":\"ImageObject\",\"inLanguage\":\"fr-FR\",\"@id\":\"https:\/\/parolesdunevie.be\/#\/schema\/logo\/image\/\",\"url\":\"https:\/\/parolesdunevie.be\/wp-content\/uploads\/2023\/12\/cropped-Paroles-dune-vie-fine-police-trsprt.png\",\"contentUrl\":\"https:\/\/parolesdunevie.be\/wp-content\/uploads\/2023\/12\/cropped-Paroles-dune-vie-fine-police-trsprt.png\",\"width\":500,\"height\":500,\"caption\":\"Paroles d&#039;une Vie\"},\"image\":{\"@id\":\"https:\/\/parolesdunevie.be\/#\/schema\/logo\/image\/\"}}]}<\/script>\n<!-- \/ Yoast SEO plugin. -->","yoast_head_json":{"title":"Contact - Paroles d&#039;une Vie","description":"Contactez-nous pour nous parler de votre projet ou pour toute autre question \/ proposition.","robots":{"index":"index","follow":"follow","max-snippet":"max-snippet:-1","max-image-preview":"max-image-preview:large","max-video-preview":"max-video-preview:-1"},"canonical":"https:\/\/parolesdunevie.be\/index.php\/contacts-projet-question-proposition\/","og_locale":"fr_FR","og_type":"article","og_title":"Contact - Paroles d&#039;une Vie","og_description":"Contactez-nous pour nous parler de votre projet ou pour toute autre question \/ proposition.","og_url":"https:\/\/parolesdunevie.be\/index.php\/contacts-projet-question-proposition\/","og_site_name":"Paroles d&#039;une Vie","article_modified_time":"2024-07-05T08:41:13+00:00","twitter_card":"summary_large_image","twitter_misc":{"Dur\u00e9e de lecture estim\u00e9e":"1 minute"},"schema":{"@context":"https:\/\/schema.org","@graph":[{"@type":"WebPage","@id":"https:\/\/parolesdunevie.be\/index.php\/contacts-projet-question-proposition\/","url":"https:\/\/parolesdunevie.be\/index.php\/contacts-projet-question-proposition\/","name":"Contact - Paroles d&#039;une Vie","isPartOf":{"@id":"https:\/\/parolesdunevie.be\/#website"},"datePublished":"2023-12-01T19:15:40+00:00","dateModified":"2024-07-05T08:41:13+00:00","description":"Contactez-nous pour nous parler de votre projet ou pour toute autre question \/ proposition.","breadcrumb":{"@id":"https:\/\/parolesdunevie.be\/index.php\/contacts-projet-question-proposition\/#breadcrumb"},"inLanguage":"fr-FR","potentialAction":[{"@type":"ReadAction","target":["https:\/\/parolesdunevie.be\/index.php\/contacts-projet-question-proposition\/"]}]},{"@type":"BreadcrumbList","@id":"https:\/\/parolesdunevie.be\/index.php\/contacts-projet-question-proposition\/#breadcrumb","itemListElement":[{"@type":"ListItem","position":1,"name":"Accueil","item":"https:\/\/parolesdunevie.be\/"},{"@type":"ListItem","position":2,"name":"Contact"}]},{"@type":"WebSite","@id":"https:\/\/parolesdunevie.be\/#website","url":"https:\/\/parolesdunevie.be\/","name":"Paroles d&#039;une Vie","description":"Votre r\u00e9cit de vie sous forme d&#039;un podcast","publisher":{"@id":"https:\/\/parolesdunevie.be\/#organization"},"potentialAction":[{"@type":"SearchAction","target":{"@type":"EntryPoint","urlTemplate":"https:\/\/parolesdunevie.be\/?s={search_term_string}"},"query-input":"required name=search_term_string"}],"inLanguage":"fr-FR"},{"@type":"Organization","@id":"https:\/\/parolesdunevie.be\/#organization","name":"Paroles d&#039;une Vie","url":"https:\/\/parolesdunevie.be\/","logo":{"@type":"ImageObject","inLanguage":"fr-FR","@id":"https:\/\/parolesdunevie.be\/#\/schema\/logo\/image\/","url":"https:\/\/parolesdunevie.be\/wp-content\/uploads\/2023\/12\/cropped-Paroles-dune-vie-fine-police-trsprt.png","contentUrl":"https:\/\/parolesdunevie.be\/wp-content\/uploads\/2023\/12\/cropped-Paroles-dune-vie-fine-police-trsprt.png","width":500,"height":500,"caption":"Paroles d&#039;une Vie"},"image":{"@id":"https:\/\/parolesdunevie.be\/#\/schema\/logo\/image\/"}}]}},"_links":{"self":[{"href":"https:\/\/parolesdunevie.be\/index.php\/wp-json\/wp\/v2\/pages\/17","targetHints":{"allow":["GET"]}}],"collection":[{"href":"https:\/\/parolesdunevie.be\/index.php\/wp-json\/wp\/v2\/pages"}],"about":[{"href":"https:\/\/parolesdunevie.be\/index.php\/wp-json\/wp\/v2\/types\/page"}],"author":[{"embeddable":true,"href":"https:\/\/parolesdunevie.be\/index.php\/wp-json\/wp\/v2\/users\/1"}],"replies":[{"embeddable":true,"href":"https:\/\/parolesdunevie.be\/index.php\/wp-json\/wp\/v2\/comments?post=17"}],"version-history":[{"count":110,"href":"https:\/\/parolesdunevie.be\/index.php\/wp-json\/wp\/v2\/pages\/17\/revisions"}],"predecessor-version":[{"id":1387,"href":"https:\/\/parolesdunevie.be\/index.php\/wp-json\/wp\/v2\/pages\/17\/revisions\/1387"}],"wp:attachment":[{"href":"https:\/\/parolesdunevie.be\/index.php\/wp-json\/wp\/v2\/media?parent=17"}],"curies":[{"name":"wp","href":"https:\/\/api.w.org\/{rel}","templated":true}]}}