{"id":15,"date":"2023-12-01T19:15:15","date_gmt":"2023-12-01T19:15:15","guid":{"rendered":"https:\/\/parolesdunevie.be\/?page_id=15"},"modified":"2024-07-04T18:58:46","modified_gmt":"2024-07-04T18:58:46","slug":"enregistrement-audio-presentation-projet-delphine-podcast","status":"publish","type":"page","link":"https:\/\/parolesdunevie.be\/index.php\/enregistrement-audio-presentation-projet-delphine-podcast\/","title":{"rendered":"A Propos"},"content":{"rendered":"\t\t<div data-elementor-type=\"wp-page\" data-elementor-id=\"15\" class=\"elementor elementor-15\">\n\t\t\t\t<div class=\"elementor-element elementor-element-bfd7a92 e-flex e-con-boxed e-con e-parent\" data-id=\"bfd7a92\" data-element_type=\"container\" data-settings=\"{&quot;background_background&quot;:&quot;classic&quot;}\">\n\t\t\t\t\t<div class=\"e-con-inner\">\n\t\t\t\t<div class=\"elementor-element elementor-element-b0dc319 elementor-invisible elementor-widget elementor-widget-heading\" data-id=\"b0dc319\" data-element_type=\"widget\" data-settings=\"{&quot;_animation&quot;:&quot;fadeInUp&quot;}\" data-widget_type=\"heading.default\">\n\t\t\t\t<div class=\"elementor-widget-container\">\n\t\t\t<style>\/*! elementor - v3.21.0 - 08-05-2024 *\/\n.elementor-heading-title{padding:0;margin:0;line-height:1}.elementor-widget-heading .elementor-heading-title[class*=elementor-size-]>a{color:inherit;font-size:inherit;line-height:inherit}.elementor-widget-heading .elementor-heading-title.elementor-size-small{font-size:15px}.elementor-widget-heading .elementor-heading-title.elementor-size-medium{font-size:19px}.elementor-widget-heading .elementor-heading-title.elementor-size-large{font-size:29px}.elementor-widget-heading .elementor-heading-title.elementor-size-xl{font-size:39px}.elementor-widget-heading .elementor-heading-title.elementor-size-xxl{font-size:59px}<\/style><h2 class=\"elementor-heading-title elementor-size-small\">Parce que ce qu'on vit peut devenir la source de merveilleux projets<\/h2>\t\t<\/div>\n\t\t\t\t<\/div>\n\t\t\t\t\t<\/div>\n\t\t\t\t<\/div>\n\t\t<div class=\"elementor-element elementor-element-e5fd4be e-flex e-con-boxed e-con e-parent\" data-id=\"e5fd4be\" data-element_type=\"container\" data-settings=\"{&quot;background_background&quot;:&quot;classic&quot;}\">\n\t\t\t\t\t<div class=\"e-con-inner\">\n\t\t\t\t<div class=\"elementor-element elementor-element-3ebb229 elementor-widget elementor-widget-heading\" data-id=\"3ebb229\" data-element_type=\"widget\" data-widget_type=\"heading.default\">\n\t\t\t\t<div class=\"elementor-widget-container\">\n\t\t\t<h2 class=\"elementor-heading-title elementor-size-default\">Delphine se pr\u00e9sente et raconte l'histoire de son projet \u00e0 travers un enregistrement audio \u00e0 la mani\u00e8re des podcasts propos\u00e9s par Paroles d'une Vie.<\/h2>\t\t<\/div>\n\t\t\t\t<\/div>\n\t\t\t\t<div class=\"elementor-element elementor-element-8bd887f elementor-widget elementor-widget-video\" data-id=\"8bd887f\" data-element_type=\"widget\" data-settings=\"{&quot;youtube_url&quot;:&quot;https:\\\/\\\/youtu.be\\\/1PMHqKAni40&quot;,&quot;video_type&quot;:&quot;youtube&quot;,&quot;controls&quot;:&quot;yes&quot;}\" data-widget_type=\"video.default\">\n\t\t\t\t<div class=\"elementor-widget-container\">\n\t\t\t<style>\/*! elementor - v3.21.0 - 08-05-2024 *\/\n.elementor-widget-video .elementor-widget-container{overflow:hidden;transform:translateZ(0)}.elementor-widget-video .elementor-wrapper{aspect-ratio:var(--video-aspect-ratio)}.elementor-widget-video .elementor-wrapper iframe,.elementor-widget-video .elementor-wrapper video{height:100%;width:100%;display:flex;border:none;background-color:#000}@supports not (aspect-ratio:1\/1){.elementor-widget-video .elementor-wrapper{position:relative;overflow:hidden;height:0;padding-bottom:calc(100% \/ var(--video-aspect-ratio))}.elementor-widget-video .elementor-wrapper iframe,.elementor-widget-video .elementor-wrapper video{position:absolute;top:0;right:0;bottom:0;left:0}}.elementor-widget-video .elementor-open-inline .elementor-custom-embed-image-overlay{position:absolute;top:0;right:0;bottom:0;left:0;background-size:cover;background-position:50%}.elementor-widget-video .elementor-custom-embed-image-overlay{cursor:pointer;text-align:center}.elementor-widget-video .elementor-custom-embed-image-overlay:hover .elementor-custom-embed-play i{opacity:1}.elementor-widget-video .elementor-custom-embed-image-overlay img{display:block;width:100%;aspect-ratio:var(--video-aspect-ratio);-o-object-fit:cover;object-fit:cover;-o-object-position:center center;object-position:center center}@supports not (aspect-ratio:1\/1){.elementor-widget-video .elementor-custom-embed-image-overlay{position:relative;overflow:hidden;height:0;padding-bottom:calc(100% \/ var(--video-aspect-ratio))}.elementor-widget-video .elementor-custom-embed-image-overlay img{position:absolute;top:0;right:0;bottom:0;left:0}}.elementor-widget-video .e-hosted-video .elementor-video{-o-object-fit:cover;object-fit:cover}.e-con-inner>.elementor-widget-video,.e-con>.elementor-widget-video{width:var(--container-widget-width);--flex-grow:var(--container-widget-flex-grow)}<\/style>\t\t<div class=\"elementor-wrapper elementor-open-inline\">\n\t\t\t<div class=\"elementor-video\"><\/div>\t\t<\/div>\n\t\t\t\t<\/div>\n\t\t\t\t<\/div>\n\t\t\t\t\t<\/div>\n\t\t\t\t<\/div>\n\t\t\t\t<\/div>\n\t\t","protected":false},"excerpt":{"rendered":"<p>Parce que ce qu&rsquo;on vit peut devenir la source de merveilleux projets Delphine se pr\u00e9sente et raconte l&rsquo;histoire de son projet \u00e0 travers un enregistrement audio \u00e0 la mani\u00e8re des podcasts propos\u00e9s par Paroles d&rsquo;une Vie.<\/p>\n","protected":false},"author":1,"featured_media":0,"parent":0,"menu_order":0,"comment_status":"closed","ping_status":"closed","template":"","meta":{"ocean_post_layout":"full-screen","ocean_both_sidebars_style":"","ocean_both_sidebars_content_width":0,"ocean_both_sidebars_sidebars_width":0,"ocean_sidebar":"","ocean_second_sidebar":"","ocean_disable_margins":"enable","ocean_add_body_class":"","ocean_shortcode_before_top_bar":"","ocean_shortcode_after_top_bar":"","ocean_shortcode_before_header":"","ocean_shortcode_after_header":"","ocean_has_shortcode":"","ocean_shortcode_after_title":"","ocean_shortcode_before_footer_widgets":"","ocean_shortcode_after_footer_widgets":"","ocean_shortcode_before_footer_bottom":"","ocean_shortcode_after_footer_bottom":"","ocean_display_top_bar":"default","ocean_display_header":"default","ocean_header_style":"","ocean_center_header_left_menu":"","ocean_custom_header_template":"","ocean_custom_logo":0,"ocean_custom_retina_logo":0,"ocean_custom_logo_max_width":0,"ocean_custom_logo_tablet_max_width":0,"ocean_custom_logo_mobile_max_width":0,"ocean_custom_logo_max_height":0,"ocean_custom_logo_tablet_max_height":0,"ocean_custom_logo_mobile_max_height":0,"ocean_header_custom_menu":"","ocean_menu_typo_font_family":"","ocean_menu_typo_font_subset":"","ocean_menu_typo_font_size":0,"ocean_menu_typo_font_size_tablet":0,"ocean_menu_typo_font_size_mobile":0,"ocean_menu_typo_font_size_unit":"px","ocean_menu_typo_font_weight":"","ocean_menu_typo_font_weight_tablet":"","ocean_menu_typo_font_weight_mobile":"","ocean_menu_typo_transform":"","ocean_menu_typo_transform_tablet":"","ocean_menu_typo_transform_mobile":"","ocean_menu_typo_line_height":0,"ocean_menu_typo_line_height_tablet":0,"ocean_menu_typo_line_height_mobile":0,"ocean_menu_typo_line_height_unit":"","ocean_menu_typo_spacing":0,"ocean_menu_typo_spacing_tablet":0,"ocean_menu_typo_spacing_mobile":0,"ocean_menu_typo_spacing_unit":"","ocean_menu_link_color":"","ocean_menu_link_color_hover":"","ocean_menu_link_color_active":"","ocean_menu_link_background":"","ocean_menu_link_hover_background":"","ocean_menu_link_active_background":"","ocean_menu_social_links_bg":"","ocean_menu_social_hover_links_bg":"","ocean_menu_social_links_color":"","ocean_menu_social_hover_links_color":"","ocean_disable_title":"on","ocean_disable_heading":"default","ocean_post_title":"","ocean_post_subheading":"","ocean_post_title_style":"","ocean_post_title_background_color":"","ocean_post_title_background":0,"ocean_post_title_bg_image_position":"","ocean_post_title_bg_image_attachment":"","ocean_post_title_bg_image_repeat":"","ocean_post_title_bg_image_size":"","ocean_post_title_height":0,"ocean_post_title_bg_overlay":0.5,"ocean_post_title_bg_overlay_color":"","ocean_disable_breadcrumbs":"default","ocean_breadcrumbs_color":"","ocean_breadcrumbs_separator_color":"","ocean_breadcrumbs_links_color":"","ocean_breadcrumbs_links_hover_color":"","ocean_display_footer_widgets":"default","ocean_display_footer_bottom":"default","ocean_custom_footer_template":"","footnotes":""},"class_list":["post-15","page","type-page","status-publish","hentry","entry"],"yoast_head":"<!-- This site is optimized with the Yoast SEO plugin v22.7 - https:\/\/yoast.com\/wordpress\/plugins\/seo\/ -->\n<title>A Propos - Paroles d&#039;une Vie<\/title>\n<meta name=\"description\" content=\"Delphine se pr\u00e9sente et raconte l&#039;histoire de son projet \u00e0 travers un enregistrement audio sous forme de podcast.\" \/>\n<meta name=\"robots\" content=\"index, follow, max-snippet:-1, max-image-preview:large, max-video-preview:-1\" \/>\n<link rel=\"canonical\" href=\"https:\/\/parolesdunevie.be\/index.php\/enregistrement-audio-presentation-projet-delphine-podcast\/\" \/>\n<meta property=\"og:locale\" content=\"fr_FR\" \/>\n<meta property=\"og:type\" content=\"article\" \/>\n<meta property=\"og:title\" content=\"A Propos - Paroles d&#039;une Vie\" \/>\n<meta property=\"og:description\" content=\"Delphine se pr\u00e9sente et raconte l&#039;histoire de son projet \u00e0 travers un enregistrement audio sous forme de podcast.\" \/>\n<meta property=\"og:url\" content=\"https:\/\/parolesdunevie.be\/index.php\/enregistrement-audio-presentation-projet-delphine-podcast\/\" \/>\n<meta property=\"og:site_name\" content=\"Paroles d&#039;une Vie\" \/>\n<meta property=\"article:modified_time\" content=\"2024-07-04T18:58:46+00:00\" \/>\n<meta name=\"twitter:card\" content=\"summary_large_image\" \/>\n<meta name=\"twitter:label1\" content=\"Dur\u00e9e de lecture estim\u00e9e\" \/>\n\t<meta name=\"twitter:data1\" content=\"1 minute\" \/>\n<script type=\"application\/ld+json\" class=\"yoast-schema-graph\">{\"@context\":\"https:\/\/schema.org\",\"@graph\":[{\"@type\":\"WebPage\",\"@id\":\"https:\/\/parolesdunevie.be\/index.php\/enregistrement-audio-presentation-projet-delphine-podcast\/\",\"url\":\"https:\/\/parolesdunevie.be\/index.php\/enregistrement-audio-presentation-projet-delphine-podcast\/\",\"name\":\"A Propos - Paroles d&#039;une Vie\",\"isPartOf\":{\"@id\":\"https:\/\/parolesdunevie.be\/#website\"},\"datePublished\":\"2023-12-01T19:15:15+00:00\",\"dateModified\":\"2024-07-04T18:58:46+00:00\",\"description\":\"Delphine se pr\u00e9sente et raconte l'histoire de son projet \u00e0 travers un enregistrement audio sous forme de podcast.\",\"breadcrumb\":{\"@id\":\"https:\/\/parolesdunevie.be\/index.php\/enregistrement-audio-presentation-projet-delphine-podcast\/#breadcrumb\"},\"inLanguage\":\"fr-FR\",\"potentialAction\":[{\"@type\":\"ReadAction\",\"target\":[\"https:\/\/parolesdunevie.be\/index.php\/enregistrement-audio-presentation-projet-delphine-podcast\/\"]}]},{\"@type\":\"BreadcrumbList\",\"@id\":\"https:\/\/parolesdunevie.be\/index.php\/enregistrement-audio-presentation-projet-delphine-podcast\/#breadcrumb\",\"itemListElement\":[{\"@type\":\"ListItem\",\"position\":1,\"name\":\"Accueil\",\"item\":\"https:\/\/parolesdunevie.be\/\"},{\"@type\":\"ListItem\",\"position\":2,\"name\":\"A Propos\"}]},{\"@type\":\"WebSite\",\"@id\":\"https:\/\/parolesdunevie.be\/#website\",\"url\":\"https:\/\/parolesdunevie.be\/\",\"name\":\"Paroles d&#039;une Vie\",\"description\":\"Votre r\u00e9cit de vie sous forme d&#039;un podcast\",\"publisher\":{\"@id\":\"https:\/\/parolesdunevie.be\/#organization\"},\"potentialAction\":[{\"@type\":\"SearchAction\",\"target\":{\"@type\":\"EntryPoint\",\"urlTemplate\":\"https:\/\/parolesdunevie.be\/?s={search_term_string}\"},\"query-input\":\"required name=search_term_string\"}],\"inLanguage\":\"fr-FR\"},{\"@type\":\"Organization\",\"@id\":\"https:\/\/parolesdunevie.be\/#organization\",\"name\":\"Paroles d&#039;une Vie\",\"url\":\"https:\/\/parolesdunevie.be\/\",\"logo\":{\"@type\":\"ImageObject\",\"inLanguage\":\"fr-FR\",\"@id\":\"https:\/\/parolesdunevie.be\/#\/schema\/logo\/image\/\",\"url\":\"https:\/\/parolesdunevie.be\/wp-content\/uploads\/2023\/12\/cropped-Paroles-dune-vie-fine-police-trsprt.png\",\"contentUrl\":\"https:\/\/parolesdunevie.be\/wp-content\/uploads\/2023\/12\/cropped-Paroles-dune-vie-fine-police-trsprt.png\",\"width\":500,\"height\":500,\"caption\":\"Paroles d&#039;une Vie\"},\"image\":{\"@id\":\"https:\/\/parolesdunevie.be\/#\/schema\/logo\/image\/\"}}]}<\/script>\n<!-- \/ Yoast SEO plugin. -->","yoast_head_json":{"title":"A Propos - Paroles d&#039;une Vie","description":"Delphine se pr\u00e9sente et raconte l'histoire de son projet \u00e0 travers un enregistrement audio sous forme de podcast.","robots":{"index":"index","follow":"follow","max-snippet":"max-snippet:-1","max-image-preview":"max-image-preview:large","max-video-preview":"max-video-preview:-1"},"canonical":"https:\/\/parolesdunevie.be\/index.php\/enregistrement-audio-presentation-projet-delphine-podcast\/","og_locale":"fr_FR","og_type":"article","og_title":"A Propos - Paroles d&#039;une Vie","og_description":"Delphine se pr\u00e9sente et raconte l'histoire de son projet \u00e0 travers un enregistrement audio sous forme de podcast.","og_url":"https:\/\/parolesdunevie.be\/index.php\/enregistrement-audio-presentation-projet-delphine-podcast\/","og_site_name":"Paroles d&#039;une Vie","article_modified_time":"2024-07-04T18:58:46+00:00","twitter_card":"summary_large_image","twitter_misc":{"Dur\u00e9e de lecture estim\u00e9e":"1 minute"},"schema":{"@context":"https:\/\/schema.org","@graph":[{"@type":"WebPage","@id":"https:\/\/parolesdunevie.be\/index.php\/enregistrement-audio-presentation-projet-delphine-podcast\/","url":"https:\/\/parolesdunevie.be\/index.php\/enregistrement-audio-presentation-projet-delphine-podcast\/","name":"A Propos - Paroles d&#039;une Vie","isPartOf":{"@id":"https:\/\/parolesdunevie.be\/#website"},"datePublished":"2023-12-01T19:15:15+00:00","dateModified":"2024-07-04T18:58:46+00:00","description":"Delphine se pr\u00e9sente et raconte l'histoire de son projet \u00e0 travers un enregistrement audio sous forme de podcast.","breadcrumb":{"@id":"https:\/\/parolesdunevie.be\/index.php\/enregistrement-audio-presentation-projet-delphine-podcast\/#breadcrumb"},"inLanguage":"fr-FR","potentialAction":[{"@type":"ReadAction","target":["https:\/\/parolesdunevie.be\/index.php\/enregistrement-audio-presentation-projet-delphine-podcast\/"]}]},{"@type":"BreadcrumbList","@id":"https:\/\/parolesdunevie.be\/index.php\/enregistrement-audio-presentation-projet-delphine-podcast\/#breadcrumb","itemListElement":[{"@type":"ListItem","position":1,"name":"Accueil","item":"https:\/\/parolesdunevie.be\/"},{"@type":"ListItem","position":2,"name":"A Propos"}]},{"@type":"WebSite","@id":"https:\/\/parolesdunevie.be\/#website","url":"https:\/\/parolesdunevie.be\/","name":"Paroles d&#039;une Vie","description":"Votre r\u00e9cit de vie sous forme d&#039;un podcast","publisher":{"@id":"https:\/\/parolesdunevie.be\/#organization"},"potentialAction":[{"@type":"SearchAction","target":{"@type":"EntryPoint","urlTemplate":"https:\/\/parolesdunevie.be\/?s={search_term_string}"},"query-input":"required name=search_term_string"}],"inLanguage":"fr-FR"},{"@type":"Organization","@id":"https:\/\/parolesdunevie.be\/#organization","name":"Paroles d&#039;une Vie","url":"https:\/\/parolesdunevie.be\/","logo":{"@type":"ImageObject","inLanguage":"fr-FR","@id":"https:\/\/parolesdunevie.be\/#\/schema\/logo\/image\/","url":"https:\/\/parolesdunevie.be\/wp-content\/uploads\/2023\/12\/cropped-Paroles-dune-vie-fine-police-trsprt.png","contentUrl":"https:\/\/parolesdunevie.be\/wp-content\/uploads\/2023\/12\/cropped-Paroles-dune-vie-fine-police-trsprt.png","width":500,"height":500,"caption":"Paroles d&#039;une Vie"},"image":{"@id":"https:\/\/parolesdunevie.be\/#\/schema\/logo\/image\/"}}]}},"_links":{"self":[{"href":"https:\/\/parolesdunevie.be\/index.php\/wp-json\/wp\/v2\/pages\/15","targetHints":{"allow":["GET"]}}],"collection":[{"href":"https:\/\/parolesdunevie.be\/index.php\/wp-json\/wp\/v2\/pages"}],"about":[{"href":"https:\/\/parolesdunevie.be\/index.php\/wp-json\/wp\/v2\/types\/page"}],"author":[{"embeddable":true,"href":"https:\/\/parolesdunevie.be\/index.php\/wp-json\/wp\/v2\/users\/1"}],"replies":[{"embeddable":true,"href":"https:\/\/parolesdunevie.be\/index.php\/wp-json\/wp\/v2\/comments?post=15"}],"version-history":[{"count":29,"href":"https:\/\/parolesdunevie.be\/index.php\/wp-json\/wp\/v2\/pages\/15\/revisions"}],"predecessor-version":[{"id":1340,"href":"https:\/\/parolesdunevie.be\/index.php\/wp-json\/wp\/v2\/pages\/15\/revisions\/1340"}],"wp:attachment":[{"href":"https:\/\/parolesdunevie.be\/index.php\/wp-json\/wp\/v2\/media?parent=15"}],"curies":[{"name":"wp","href":"https:\/\/api.w.org\/{rel}","templated":true}]}}